{"id":715,"date":"2020-08-18T18:48:03","date_gmt":"2020-08-18T21:48:03","guid":{"rendered":"https:\/\/demo4.siterapido.rs\/sobre-nos\/"},"modified":"2021-06-01T16:35:39","modified_gmt":"2021-06-01T19:35:39","slug":"sobre-nos","status":"publish","type":"page","link":"https:\/\/cescorf.com.br\/es\/sobre-nos\/","title":{"rendered":"Sobre Nosotros"},"content":{"rendered":"<div class='rpd-row normal break--tablet  ' style='--mask_background: #ffffff; --padding_desktop: 100px 15px 100px 15px; --padding_tablet: 75px 15px 75px 15px; --padding_mobile: 50px 15px 50px 15px; --row_gap: 30px;' ><div class='row--mask'><div class='rpd-container'>\n<div class='rpd-wysiwyg  ' style='--content_spacing_desktop: 30px; --h1_font: var(--font_heading); --h1_size_desktop: 32px; --h1_weight: 700; --h1_line_desktop: 1.1; --h1_color: #000000; --h2_font: var(--font_heading); --h2_size_desktop: 24px; --h2_weight: 700; --h2_line_desktop: 1.2; --h2_color: #000000; --h3_font: var(--font_heading); --h3_size_desktop: 19px; --h3_weight: 700; --h3_line_desktop: 1.3; --h3_color: #000000; --h4_font: var(--font_heading); --h4_size_desktop: 16px; --h4_weight: 700; --h4_line_desktop: 1.4; --h4_color: #000000; --h5_font: var(--font_heading); --h5_size_desktop: 14px; --h5_weight: 700; --h5_line_desktop: 1.5; --h5_color: #000000; --h6_font: var(--font_heading); --h6_size_desktop: 13px; --h6_weight: 700; --h6_line_desktop: 1.6; --h6_color: #000000; --content_font: var(--font_text); --content_size_desktop: 16px; --content_weight: 400; --content_line_desktop: 1.8; --content_spacing_tablet: 25px; --h1_size_tablet: 26px; --h1_line_tablet: 1.1; --h2_size_tablet: 20px; --h2_line_tablet: 1.2; --h3_size_tablet: 16px; --h3_line_tablet: 1.3; --h4_size_tablet: 13px; --h4_line_tablet: 1.4; --h5_size_tablet: 12px; --h5_line_tablet: 1.5; --h6_size_tablet: 11px; --h6_line_tablet: 1.6; --content_size_tablet: 15px; --content_line_mobile: 1.7; --content_spacing_mobile: 20px; --h1_size_mobile: 21px; --h1_line_mobile: 1.1; --h2_size_mobile: 16px; --h2_line_mobile: 1.2; --h3_size_mobile: 13px; --h3_line_mobile: 1.3; --h4_size_mobile: 11px; --h4_line_mobile: 1.4; --h5_size_mobile: 10px; --h5_line_mobile: 1.5; --h6_size_mobile: 9px; --h6_line_mobile: 1.6; --content_size_mobile: 14px; --content_line_mobile: 1.6; --color: #000000;'>\n\n<p>La primera fase de la medicina deportiva, que comenz\u00f3 en los a\u00f1os cincuenta, se dedic\u00f3 fundamentalmente a la salud de los estudiantes, la segunda, en los a\u00f1os setenta, comenz\u00f3 a analizar el desempe\u00f1o del individuo y fue entonces cuando se hizo necesaria la instrumentalizaci\u00f3n de los profesionales en el \u00e1rea.<\/p>\n\n\n\n<p>En Brasil, se pusieron a disposici\u00f3n dos tipos de equipos: dispositivos ergom\u00e9tricos y antropom\u00e9tricos. La importancia de este hecho se refleja en los congresos de salud de 1985 a 1995 que involucran actividades f\u00edsicas; aproximadamente un tercio de los temas gratuitos presentados en las \u00e1reas biol\u00f3gicas se basaron en el uso de estos dispositivos.<\/p>\n\n\n\n<p>El equipo antropom\u00e9trico comenz\u00f3 a ser fabricado por CESCORF Equipamentos, fundado oficialmente el 13 de enero de 1982, en Porto Alegre. En 1987 y 1992, creamos los modelos de plic\u00f3metro \u00abcompactos\u00bb y \u00abcl\u00ednicos\u00bb, respectivamente, como una forma de adaptarse a la demanda de dispositivos m\u00e1s asequibles. Superamos la fabricaci\u00f3n de 110,000 plic\u00f3metros \/ adip\u00f3metros y su disponibilidad fue uno de los factores que llevaron a Brasil a convertirse en uno de los pa\u00edses m\u00e1s desarrollados en antropometr\u00eda en el escenario internacional.<\/p>\n\n\n\n<p>El mayor reconocimiento de la calidad de nuestro equipo se produjo con la publicaci\u00f3n por parte de la Sociedad Internacional para el Avance de la Cineantropometr\u00eda \u2013 ISAK, de las Normas Internacionales para la Evaluaci\u00f3n Antropom\u00e9trica (2011); En este manual de procedimientos antropom\u00e9tricos, la mitad de los dispositivos fotografiados son de nuestra fabricaci\u00f3n.<\/p>\n\n\n\n<p>Con equipos antropom\u00e9tricos de alta calidad y accesibles para todos los profesionales del mundo; nuestra marca est\u00e1 presente en Am\u00e9rica Latina, Europa, \u00c1frica, Asia y Ocean\u00eda, siguiendo la propuesta: CESCORF \u2013 \u00abantropometr\u00eda para todos\u00bb.<\/p>\n\n<\/div>\n<\/div><\/div><\/div>","protected":false},"excerpt":{"rendered":"","protected":false},"author":18,"featured_media":0,"parent":0,"menu_order":9,"comment_status":"closed","ping_status":"closed","template":"","meta":{"_acf_changed":false,"footnotes":""},"class_list":["post-715","page","type-page","status-publish","hentry"],"acf":[],"_links":{"self":[{"href":"https:\/\/cescorf.com.br\/es\/wp-json\/wp\/v2\/pages\/715","targetHints":{"allow":["GET"]}}],"collection":[{"href":"https:\/\/cescorf.com.br\/es\/wp-json\/wp\/v2\/pages"}],"about":[{"href":"https:\/\/cescorf.com.br\/es\/wp-json\/wp\/v2\/types\/page"}],"author":[{"embeddable":true,"href":"https:\/\/cescorf.com.br\/es\/wp-json\/wp\/v2\/users\/18"}],"replies":[{"embeddable":true,"href":"https:\/\/cescorf.com.br\/es\/wp-json\/wp\/v2\/comments?post=715"}],"version-history":[{"count":1,"href":"https:\/\/cescorf.com.br\/es\/wp-json\/wp\/v2\/pages\/715\/revisions"}],"predecessor-version":[{"id":818,"href":"https:\/\/cescorf.com.br\/es\/wp-json\/wp\/v2\/pages\/715\/revisions\/818"}],"wp:attachment":[{"href":"https:\/\/cescorf.com.br\/es\/wp-json\/wp\/v2\/media?parent=715"}],"curies":[{"name":"wp","href":"https:\/\/api.w.org\/{rel}","templated":true}]}}